{"id":12,"date":"2025-07-20T23:45:45","date_gmt":"2025-07-20T23:45:45","guid":{"rendered":"https:\/\/rmfefpmorocco.com\/?page_id=12"},"modified":"2025-11-25T14:03:51","modified_gmt":"2025-11-25T14:03:51","slug":"location","status":"publish","type":"page","link":"https:\/\/rmfefpmorocco.com\/fr\/location\/","title":{"rendered":"Sites"},"content":{"rendered":"<div data-elementor-type=\"wp-page\" data-elementor-id=\"12\" class=\"elementor elementor-12\" data-elementor-post-type=\"page\">\n\t\t\t\t<div class=\"elementor-element elementor-element-3180936 e-flex e-con-boxed e-con e-parent\" data-id=\"3180936\" data-element_type=\"container\">\n\t\t\t\t\t<div class=\"e-con-inner\">\n\t\t<div class=\"elementor-element elementor-element-1f14b7d e-con-full e-flex e-con e-child\" data-id=\"1f14b7d\" data-element_type=\"container\">\n\t\t\t\t<div class=\"elementor-element elementor-element-a6d4a31 elementor-invisible elementor-widget elementor-widget-heading\" data-id=\"a6d4a31\" data-element_type=\"widget\" data-settings=\"{&quot;_animation&quot;:&quot;fadeInUp&quot;}\" data-widget_type=\"heading.default\">\n\t\t\t\t\t<h2 class=\"elementor-heading-title elementor-size-default\">L'\u00c9cole Am\u00e9ricaine de Rabat accueille le Programme \u00c9ducatif de Football de la Fundaci\u00f3n Real Madrid Maroc<\/h2>\t\t\t\t<\/div>\n\t\t\t\t<div class=\"elementor-element elementor-element-86509c7 paragraph elementor-widget elementor-widget-text-editor\" data-id=\"86509c7\" data-element_type=\"widget\" data-widget_type=\"text-editor.default\">\n\t\t\t\t\t\t\t\t\t<p class=\"translation-block\">Fond\u00e9e en 1962, la Rabat American School (RAS) est un \u00e9tablissement priv\u00e9 am\u00e9ricain \nind\u00e9pendant \u00e0 but non lucratif, offrant un programme \u00e9ducatif rigoureux conforme aux \nstandards am\u00e9ricains. L\u2019\u00e9cole est accr\u00e9dit\u00e9e par la Middle States Association et \nl\u2019International Baccalaureate Organization (IBO). Son approche p\u00e9dagogique allie excellence \nacad\u00e9mique, \u00e9panouissement personnel et citoyennet\u00e9 mondiale, dans un cadre \nmulticulturel regroupant plus de 40 nationalit\u00e9s. \nId\u00e9alement situ\u00e9e au c\u0153ur de Rabat, capitale du Royaume, la RAS propose un \nenvironnement d\u2019apprentissage moderne et stimulant, dot\u00e9 d\u2019installations de pointe : salles \nde classe \u00e9quip\u00e9es, laboratoires de sciences, biblioth\u00e8ques, espaces artistiques, \ninfrastructures sportives, ainsi qu\u2019une int\u00e9gration avanc\u00e9e des technologies \u00e9ducatives. \nDepuis 2025, la Rabat American School est le site officiel du programme \u00e9ducatif de football \nde la Fondation Real Madrid \u00e0 Rabat.  \nCe partenariat durable repose sur une ambition commune : faire du sport un puissant levier \nd\u2019\u00e9ducation, d\u2019inclusion sociale et de d\u00e9veloppement des jeunes. Ensemble, nous \u0153uvrons \u00e0 \ncr\u00e9er un \u00e9cosyst\u00e8me dynamique et inspirant autour du football \u00e9ducatif, avec pour \nl\u2019ambition de positionner ce projet comme une r\u00e9f\u00e9rence nationale en mati\u00e8re d\u2019\u00e9ducation \npar le sport.<\/p>\t\t\t\t\t\t\t\t<\/div>\n\t\t\t\t<\/div>\n\t\t<div class=\"elementor-element elementor-element-0bd911e e-con-full e-flex e-con e-child\" data-id=\"0bd911e\" data-element_type=\"container\">\n\t\t<div class=\"elementor-element elementor-element-8b48697 e-con-full overlay_image_right e-flex e-con e-child\" data-id=\"8b48697\" data-element_type=\"container\" data-settings=\"{&quot;background_background&quot;:&quot;classic&quot;,&quot;position&quot;:&quot;absolute&quot;}\">\n\t\t\t\t<\/div>\n\t\t\t\t<div class=\"elementor-element elementor-element-12f2832 elementor-widget elementor-widget-image\" data-id=\"12f2832\" data-element_type=\"widget\" data-widget_type=\"image.default\">\n\t\t\t\t\t\t\t\t\t\t\t\t\t\t\t<img fetchpriority=\"high\" decoding=\"async\" width=\"1600\" height=\"1068\" src=\"https:\/\/rmfefpmorocco.com\/wp-content\/uploads\/2025\/08\/WhatsApp-Image-2025-08-09-at-15.56.17_0bc8ed4c.jpg\" class=\"attachment-full size-full wp-image-960\" alt=\"\" srcset=\"https:\/\/rmfefpmorocco.com\/wp-content\/uploads\/2025\/08\/WhatsApp-Image-2025-08-09-at-15.56.17_0bc8ed4c.jpg 1600w, https:\/\/rmfefpmorocco.com\/wp-content\/uploads\/2025\/08\/WhatsApp-Image-2025-08-09-at-15.56.17_0bc8ed4c-300x200.jpg 300w, https:\/\/rmfefpmorocco.com\/wp-content\/uploads\/2025\/08\/WhatsApp-Image-2025-08-09-at-15.56.17_0bc8ed4c-1024x684.jpg 1024w, https:\/\/rmfefpmorocco.com\/wp-content\/uploads\/2025\/08\/WhatsApp-Image-2025-08-09-at-15.56.17_0bc8ed4c-768x513.jpg 768w, https:\/\/rmfefpmorocco.com\/wp-content\/uploads\/2025\/08\/WhatsApp-Image-2025-08-09-at-15.56.17_0bc8ed4c-1536x1025.jpg 1536w, https:\/\/rmfefpmorocco.com\/wp-content\/uploads\/2025\/08\/WhatsApp-Image-2025-08-09-at-15.56.17_0bc8ed4c-18x12.jpg 18w, https:\/\/rmfefpmorocco.com\/wp-content\/uploads\/2025\/08\/WhatsApp-Image-2025-08-09-at-15.56.17_0bc8ed4c-1200x801.jpg 1200w\" sizes=\"(max-width: 1600px) 100vw, 1600px\" \/>\t\t\t\t\t\t\t\t\t\t\t\t\t\t\t<\/div>\n\t\t\t\t<\/div>\n\t\t\t\t\t<\/div>\n\t\t\t\t<\/div>\n\t\t<div class=\"elementor-element elementor-element-adaf830 e-flex e-con-boxed e-con e-parent\" data-id=\"adaf830\" data-element_type=\"container\">\n\t\t\t\t\t<div class=\"e-con-inner\">\n\t\t<div class=\"elementor-element elementor-element-ccd169c e-con-full e-flex e-con e-child\" data-id=\"ccd169c\" data-element_type=\"container\">\n\t\t\t\t<div class=\"elementor-element elementor-element-67ca760 elementor-widget elementor-widget-image\" data-id=\"67ca760\" data-element_type=\"widget\" data-widget_type=\"image.default\">\n\t\t\t\t\t\t\t\t\t\t\t\t\t\t\t<img decoding=\"async\" width=\"2512\" height=\"1046\" src=\"https:\/\/rmfefpmorocco.com\/wp-content\/uploads\/2025\/07\/Group-1000002532.png\" class=\"attachment-full size-full wp-image-198\" alt=\"\" srcset=\"https:\/\/rmfefpmorocco.com\/wp-content\/uploads\/2025\/07\/Group-1000002532.png 2512w, https:\/\/rmfefpmorocco.com\/wp-content\/uploads\/2025\/07\/Group-1000002532-300x125.png 300w, https:\/\/rmfefpmorocco.com\/wp-content\/uploads\/2025\/07\/Group-1000002532-1024x426.png 1024w, https:\/\/rmfefpmorocco.com\/wp-content\/uploads\/2025\/07\/Group-1000002532-768x320.png 768w, https:\/\/rmfefpmorocco.com\/wp-content\/uploads\/2025\/07\/Group-1000002532-1536x640.png 1536w, https:\/\/rmfefpmorocco.com\/wp-content\/uploads\/2025\/07\/Group-1000002532-2048x853.png 2048w, https:\/\/rmfefpmorocco.com\/wp-content\/uploads\/2025\/07\/Group-1000002532-18x7.png 18w, https:\/\/rmfefpmorocco.com\/wp-content\/uploads\/2025\/07\/Group-1000002532-1200x500.png 1200w, https:\/\/rmfefpmorocco.com\/wp-content\/uploads\/2025\/07\/Group-1000002532-1980x824.png 1980w\" sizes=\"(max-width: 2512px) 100vw, 2512px\" \/>\t\t\t\t\t\t\t\t\t\t\t\t\t\t\t<\/div>\n\t\t<div class=\"elementor-element elementor-element-0c9e2f4 e-con-full e-flex e-con e-child\" data-id=\"0c9e2f4\" data-element_type=\"container\" data-settings=\"{&quot;background_background&quot;:&quot;classic&quot;,&quot;position&quot;:&quot;absolute&quot;}\">\n\t\t\t\t<div class=\"elementor-element elementor-element-2889da8 elementor-widget elementor-widget-heading\" data-id=\"2889da8\" data-element_type=\"widget\" data-widget_type=\"heading.default\">\n\t\t\t\t\t<h2 class=\"elementor-heading-title elementor-size-default\">\u00c9COLE AM\u00c9RICAINE DE RABAT\n<\/h2>\t\t\t\t<\/div>\n\t\t\t\t<div class=\"elementor-element elementor-element-f866fdb elementor-widget elementor-widget-button\" data-id=\"f866fdb\" data-element_type=\"widget\" data-widget_type=\"button.default\">\n\t\t\t\t\t\t\t\t\t\t<a class=\"elementor-button elementor-button-link elementor-size-sm\" href=\"https:\/\/maps.app.goo.gl\/vhjTMBwg86r3LN5f9\" target=\"_blank\" id=\"button-with-animation\">\n\t\t\t\t\t\t<span class=\"elementor-button-content-wrapper\">\n\t\t\t\t\t\t<span class=\"elementor-button-icon\">\n\t\t\t\t<svg aria-hidden=\"true\" class=\"e-font-icon-svg e-fas-paper-plane\" viewbox=\"0 0 512 512\" xmlns=\"http:\/\/www.w3.org\/2000\/svg\"><path d=\"M476 3.2L12.5 270.6c-18.1 10.4-15.8 35.6 2.2 43.2L121 358.4l287.3-253.2c5.5-4.9 13.3 2.6 8.6 8.3L176 407v80.5c0 23.6 28.5 32.9 42.5 15.8L282 426l124.6 52.2c14.2 6 30.4-2.9 33-18.2l72-432C515 7.8 493.3-6.8 476 3.2z\"><\/path><\/svg>\t\t\t<\/span>\n\t\t\t\t\t\t\t\t\t<span class=\"elementor-button-text\">D\u00e9marrer la navigation<\/span>\n\t\t\t\t\t<\/span>\n\t\t\t\t\t<\/a>\n\t\t\t\t\t\t\t\t<\/div>\n\t\t\t\t<\/div>\n\t\t\t\t<\/div>\n\t\t\t\t\t<\/div>\n\t\t\t\t<\/div>\n\t\t<div class=\"elementor-element elementor-element-2760882 e-flex e-con-boxed e-con e-parent\" data-id=\"2760882\" data-element_type=\"container\">\n\t\t\t\t\t<div class=\"e-con-inner\">\n\t\t\t\t<div class=\"elementor-element elementor-element-add0c9b elementor-invisible elementor-widget elementor-widget-heading\" data-id=\"add0c9b\" data-element_type=\"widget\" data-settings=\"{&quot;_animation&quot;:&quot;fadeInUp&quot;}\" data-widget_type=\"heading.default\">\n\t\t\t\t\t<h2 class=\"elementor-heading-title elementor-size-default\">Galerie<\/h2>\t\t\t\t<\/div>\n\t\t\t\t<div class=\"elementor-element elementor-element-c5c1ec9 elementor-widget__width-inherit elementor-invisible elementor-widget elementor-widget-text-editor\" data-id=\"c5c1ec9\" data-element_type=\"widget\" data-settings=\"{&quot;_animation&quot;:&quot;fadeInUp&quot;,&quot;_animation_delay&quot;:0.2}\" data-widget_type=\"text-editor.default\">\n\t\t\t\t\t\t\t\t\t<p>Explorez les moments m\u00e9morables de nos s\u00e9ances d'entra\u00eenement, \u00e9v\u00e9nements et c\u00e9l\u00e9brations \u00e0 Fundaci\u00f3n Real Madrid Maroc.<\/p>\t\t\t\t\t\t\t\t<\/div>\n\t\t\t\t\t<\/div>\n\t\t\t\t<\/div>\n\t\t<div class=\"elementor-element elementor-element-11bc3c9 e-flex e-con-boxed e-con e-parent\" data-id=\"11bc3c9\" data-element_type=\"container\">\n\t\t\t\t\t<div class=\"e-con-inner\">\n\t\t\t\t<div class=\"elementor-element elementor-element-d350526 elementor-widget elementor-widget-gallery_slider_widget\" data-id=\"d350526\" data-element_type=\"widget\" data-widget_type=\"gallery_slider_widget.default\">\n\t\t\t\t<div class=\"elementor-widget-container\">\n\t\t\t\t\t<div id=\"custom-gallery-slider-widget-d350526\" \r\n                  class=\"custom-gallery-slider-widget-container\" \r\n                  data-images=\"[{&quot;id&quot;:40,&quot;url&quot;:&quot;https:\\\/\\\/rmfefpmorocco.com\\\/wp-content\\\/uploads\\\/2025\\\/07\\\/Rectangle-12.png&quot;,&quot;alt&quot;:&quot;&quot;,&quot;caption&quot;:&quot;&quot;},{&quot;id&quot;:41,&quot;url&quot;:&quot;https:\\\/\\\/rmfefpmorocco.com\\\/wp-content\\\/uploads\\\/2025\\\/07\\\/Rectangle-43301.png&quot;,&quot;alt&quot;:&quot;&quot;,&quot;caption&quot;:&quot;&quot;},{&quot;id&quot;:42,&quot;url&quot;:&quot;https:\\\/\\\/rmfefpmorocco.com\\\/wp-content\\\/uploads\\\/2025\\\/07\\\/Rectangle-43321-1.png&quot;,&quot;alt&quot;:&quot;&quot;,&quot;caption&quot;:&quot;&quot;},{&quot;id&quot;:868,&quot;url&quot;:&quot;https:\\\/\\\/rmfefpmorocco.com\\\/wp-content\\\/uploads\\\/2025\\\/08\\\/3-scaled.jpg&quot;,&quot;alt&quot;:&quot;&quot;,&quot;caption&quot;:&quot;&quot;},{&quot;id&quot;:869,&quot;url&quot;:&quot;https:\\\/\\\/rmfefpmorocco.com\\\/wp-content\\\/uploads\\\/2025\\\/08\\\/4-scaled.jpg&quot;,&quot;alt&quot;:&quot;&quot;,&quot;caption&quot;:&quot;&quot;},{&quot;id&quot;:870,&quot;url&quot;:&quot;https:\\\/\\\/rmfefpmorocco.com\\\/wp-content\\\/uploads\\\/2025\\\/08\\\/5-scaled.jpg&quot;,&quot;alt&quot;:&quot;&quot;,&quot;caption&quot;:&quot;&quot;},{&quot;id&quot;:871,&quot;url&quot;:&quot;https:\\\/\\\/rmfefpmorocco.com\\\/wp-content\\\/uploads\\\/2025\\\/08\\\/7-scaled.jpg&quot;,&quot;alt&quot;:&quot;&quot;,&quot;caption&quot;:&quot;&quot;},{&quot;id&quot;:877,&quot;url&quot;:&quot;https:\\\/\\\/rmfefpmorocco.com\\\/wp-content\\\/uploads\\\/2025\\\/08\\\/11.jpg&quot;,&quot;alt&quot;:&quot;&quot;,&quot;caption&quot;:&quot;&quot;},{&quot;id&quot;:1195,&quot;url&quot;:&quot;https:\\\/\\\/rmfefpmorocco.com\\\/wp-content\\\/uploads\\\/2025\\\/08\\\/COACH1-scaled.jpg&quot;,&quot;alt&quot;:&quot;&quot;,&quot;caption&quot;:&quot;&quot;},{&quot;id&quot;:1196,&quot;url&quot;:&quot;https:\\\/\\\/rmfefpmorocco.com\\\/wp-content\\\/uploads\\\/2025\\\/08\\\/COACH4-scaled.jpg&quot;,&quot;alt&quot;:&quot;&quot;,&quot;caption&quot;:&quot;&quot;},{&quot;id&quot;:1200,&quot;url&quot;:&quot;https:\\\/\\\/rmfefpmorocco.com\\\/wp-content\\\/uploads\\\/2025\\\/08\\\/COACH11.jpg&quot;,&quot;alt&quot;:&quot;&quot;,&quot;caption&quot;:&quot;&quot;}]\"\r\n                  data-widget-type=\"gallery_slider_widget\"\r\n                  style=\"position: relative; overflow: hidden; min-height: 200px;\">\r\n             <\/div><script>\r\n            if (window.jQuery) {\r\n                jQuery(document).ready(function() {\r\n                    if (window.initCustomWidget) {\r\n                        window.initCustomWidget('custom-gallery-slider-widget-d350526', 'gallery_slider_widget');\r\n                    }\r\n                });\r\n            } else {\r\n                \/\/ Fallback for when jQuery isn't available\r\n                document.addEventListener('DOMContentLoaded', function() {\r\n                    if (window.initCustomWidget) {\r\n                        window.initCustomWidget('custom-gallery-slider-widget-d350526', 'gallery_slider_widget');\r\n                    }\r\n                });\r\n            }\r\n        <\/script>\t\t\t\t<\/div>\n\t\t\t\t<\/div>\n\t\t\t\t\t<\/div>\n\t\t\t\t<\/div>\n\t\t<div class=\"elementor-element elementor-element-289caba e-flex e-con-boxed e-con e-parent\" data-id=\"289caba\" data-element_type=\"container\">\n\t\t\t\t\t<div class=\"e-con-inner\">\n\t\t\t\t<div class=\"elementor-element elementor-element-5c76065 elementor-hidden-desktop elementor-hidden-tablet elementor-hidden-mobile elementor-invisible elementor-widget elementor-widget-heading\" data-id=\"5c76065\" data-element_type=\"widget\" data-settings=\"{&quot;_animation&quot;:&quot;fadeInUp&quot;}\" data-widget_type=\"heading.default\">\n\t\t\t\t\t<h2 class=\"elementor-heading-title elementor-size-default\">Nos actualit\u00e9s<\/h2>\t\t\t\t<\/div>\n\t\t\t\t<div class=\"elementor-element elementor-element-a42d5ba elementor-widget__width-inherit elementor-hidden-desktop elementor-hidden-tablet elementor-hidden-mobile elementor-invisible elementor-widget elementor-widget-text-editor\" data-id=\"a42d5ba\" data-element_type=\"widget\" data-settings=\"{&quot;_animation&quot;:&quot;fadeInUp&quot;,&quot;_animation_delay&quot;:0.2}\" data-widget_type=\"text-editor.default\">\n\t\t\t\t\t\t\t\t\t<p>Derni\u00e8res nouvelles de Fundaci\u00f3n Real Madrid Maroc. Mises \u00e0 jour sur les programmes, \u00e9v\u00e9nements et r\u00e9alisations des joueurs dans notre communaut\u00e9.<\/p>\t\t\t\t\t\t\t\t<\/div>\n\t\t\t\t\t<\/div>\n\t\t\t\t<\/div>\n\t\t<div class=\"elementor-element elementor-element-9aabeaf e-flex e-con-boxed e-con e-parent\" data-id=\"9aabeaf\" data-element_type=\"container\">\n\t\t\t\t\t<div class=\"e-con-inner\">\n\t\t\t\t<div class=\"elementor-element elementor-element-b24ef2d elementor-hidden-desktop elementor-hidden-tablet elementor-hidden-mobile elementor-widget elementor-widget-post_slider\" data-id=\"b24ef2d\" data-element_type=\"widget\" data-widget_type=\"post_slider.default\">\n\t\t\t\t<div class=\"elementor-widget-container\">\n\t\t\t\t\t<div id=\"post-slider-widget-b24ef2d\" \r\n                  class=\"post-slider-widget-container\" \r\n                  data-query=\"{&quot;posts_per_page&quot;:12,&quot;orderby&quot;:&quot;date&quot;,&quot;order&quot;:&quot;desc&quot;,&quot;post_type&quot;:&quot;post&quot;}\"\r\n                  data-display-options=\"{&quot;showExcerpt&quot;:false,&quot;excerptLength&quot;:&quot;medium&quot;,&quot;showAuthor&quot;:false,&quot;showDate&quot;:true,&quot;dateFormat&quot;:&quot;relative&quot;,&quot;showCategories&quot;:true,&quot;showTags&quot;:false,&quot;showFeaturedImage&quot;:true,&quot;enableLoadMore&quot;:false,&quot;slidesPerView&quot;:3,&quot;spaceBetween&quot;:0,&quot;autoplayDelay&quot;:3000,&quot;enableNavigation&quot;:false}\"\r\n                  data-style-overrides=\"{&quot;--card-bg&quot;:&quot;#ffffff&quot;,&quot;--card-radius&quot;:&quot;17px&quot;,&quot;--title-color&quot;:&quot;#1a202c&quot;,&quot;--text-color&quot;:&quot;#4a5568&quot;,&quot;--accent-color&quot;:&quot;#BE863B&quot;}\"\r\n                  data-is-editor=\"false\"\r\n                  data-widget-type=\"post_slider\"\r\n                  style=\"position: relative; overflow: hidden; min-height: 300px;\">\r\n                  \r\n             <\/div><script>\r\n            (function() {\r\n                var containerId = 'post-slider-widget-b24ef2d';\r\n                var isEditor = false;\r\n                \r\n                function initializeWidget() {\r\n                    if (window.initCustomWidget) {\r\n                        console.log('Initializing PostSlider widget: ' + containerId);\r\n                        window.initCustomWidget(containerId, 'post_slider');\r\n                        return true;\r\n                    }\r\n                    return false;\r\n                }\r\n                \r\n                function tryInitialize() {\r\n                    if (!initializeWidget()) {\r\n                        console.warn('Widget system not ready for post_slider, retrying...');\r\n                        setTimeout(tryInitialize, 500);\r\n                    }\r\n                }\r\n                \r\n                \/\/ For Elementor editor\r\n                if (isEditor) {\r\n                    if (window.elementorFrontend) {\r\n                        window.elementorFrontend.hooks.addAction('frontend\/element_ready\/post_slider.default', function() {\r\n                            setTimeout(tryInitialize, 100);\r\n                        });\r\n                    }\r\n                }\r\n                \r\n                \/\/ For frontend and editor\r\n                if (document.readyState === 'loading') {\r\n                    document.addEventListener('DOMContentLoaded', tryInitialize);\r\n                } else {\r\n                    \/\/ DOM is already ready\r\n                    setTimeout(tryInitialize, 100);\r\n                }\r\n                \r\n                \/\/ Additional fallback for Elementor editor\r\n                if (isEditor) {\r\n                    setTimeout(tryInitialize, 1000);\r\n                }\r\n            })();\r\n        <\/script>\t\t\t\t<\/div>\n\t\t\t\t<\/div>\n\t\t\t\t\t<\/div>\n\t\t\t\t<\/div>\n\t\t\t\t<\/div>","protected":false},"excerpt":{"rendered":"<p>Rabat American School hosts Fundaci\u00f3n Real Madrid Educational Football Program Morocco Founded in 1962, the Rabat American School (RAS) is an independent, private, non-profit institution offering a rigorous educational program aligned with American standards. The school is accredited by the Middle States Association and the International Baccalaureate Organization (IBO). Its educational approach combines academic excellence, [&hellip;]<\/p>","protected":false},"author":1,"featured_media":0,"parent":0,"menu_order":0,"comment_status":"closed","ping_status":"closed","template":"elementor_header_footer","meta":{"_acf_changed":false,"footnotes":""},"class_list":["post-12","page","type-page","status-publish","hentry"],"acf":[],"_links":{"self":[{"href":"https:\/\/rmfefpmorocco.com\/fr\/wp-json\/wp\/v2\/pages\/12","targetHints":{"allow":["GET"]}}],"collection":[{"href":"https:\/\/rmfefpmorocco.com\/fr\/wp-json\/wp\/v2\/pages"}],"about":[{"href":"https:\/\/rmfefpmorocco.com\/fr\/wp-json\/wp\/v2\/types\/page"}],"author":[{"embeddable":true,"href":"https:\/\/rmfefpmorocco.com\/fr\/wp-json\/wp\/v2\/users\/1"}],"replies":[{"embeddable":true,"href":"https:\/\/rmfefpmorocco.com\/fr\/wp-json\/wp\/v2\/comments?post=12"}],"version-history":[{"count":0,"href":"https:\/\/rmfefpmorocco.com\/fr\/wp-json\/wp\/v2\/pages\/12\/revisions"}],"wp:attachment":[{"href":"https:\/\/rmfefpmorocco.com\/fr\/wp-json\/wp\/v2\/media?parent=12"}],"curies":[{"name":"wp","href":"https:\/\/api.w.org\/{rel}","templated":true}]}}