{"id":18,"date":"2025-07-20T23:46:27","date_gmt":"2025-07-20T23:46:27","guid":{"rendered":"https:\/\/rmfefpmorocco.com\/?page_id=18"},"modified":"2025-11-25T14:06:15","modified_gmt":"2025-11-25T14:06:15","slug":"professionals","status":"publish","type":"page","link":"https:\/\/rmfefpmorocco.com\/fr\/professionals\/","title":{"rendered":"Professionals"},"content":{"rendered":"<div data-elementor-type=\"wp-page\" data-elementor-id=\"18\" class=\"elementor elementor-18\" data-elementor-post-type=\"page\">\n\t\t\t\t<div class=\"elementor-element elementor-element-898ba91 e-flex e-con-boxed e-con e-parent\" data-id=\"898ba91\" data-element_type=\"container\">\n\t\t\t\t\t<div class=\"e-con-inner\">\n\t\t\t\t<div class=\"elementor-element elementor-element-65eeb4e elementor-widget__width-inherit elementor-widget elementor-widget-image\" data-id=\"65eeb4e\" data-element_type=\"widget\" data-widget_type=\"image.default\">\n\t\t\t\t\t\t\t\t\t\t\t\t\t\t\t<img fetchpriority=\"high\" decoding=\"async\" width=\"2560\" height=\"1707\" src=\"https:\/\/rmfefpmorocco.com\/wp-content\/uploads\/2025\/08\/KIDS22-scaled.jpg\" class=\"attachment-full size-full wp-image-1170\" alt=\"\" srcset=\"https:\/\/rmfefpmorocco.com\/wp-content\/uploads\/2025\/08\/KIDS22-scaled.jpg 2560w, https:\/\/rmfefpmorocco.com\/wp-content\/uploads\/2025\/08\/KIDS22-300x200.jpg 300w, https:\/\/rmfefpmorocco.com\/wp-content\/uploads\/2025\/08\/KIDS22-1024x683.jpg 1024w, https:\/\/rmfefpmorocco.com\/wp-content\/uploads\/2025\/08\/KIDS22-768x512.jpg 768w, https:\/\/rmfefpmorocco.com\/wp-content\/uploads\/2025\/08\/KIDS22-1536x1024.jpg 1536w, https:\/\/rmfefpmorocco.com\/wp-content\/uploads\/2025\/08\/KIDS22-2048x1365.jpg 2048w, https:\/\/rmfefpmorocco.com\/wp-content\/uploads\/2025\/08\/KIDS22-18x12.jpg 18w, https:\/\/rmfefpmorocco.com\/wp-content\/uploads\/2025\/08\/KIDS22-1200x800.jpg 1200w, https:\/\/rmfefpmorocco.com\/wp-content\/uploads\/2025\/08\/KIDS22-1980x1320.jpg 1980w\" sizes=\"(max-width: 2560px) 100vw, 2560px\" \/>\t\t\t\t\t\t\t\t\t\t\t\t\t\t\t<\/div>\n\t\t\t\t\t<\/div>\n\t\t\t\t<\/div>\n\t\t<div class=\"elementor-element elementor-element-b02d1b4 e-flex e-con-boxed e-con e-parent\" data-id=\"b02d1b4\" data-element_type=\"container\">\n\t\t\t\t\t<div class=\"e-con-inner\">\n\t\t<div class=\"elementor-element elementor-element-3332fe4 e-con-full e-flex e-con e-child\" data-id=\"3332fe4\" data-element_type=\"container\">\n\t\t\t\t<div class=\"elementor-element elementor-element-db3b995 elementor-invisible elementor-widget elementor-widget-heading\" data-id=\"db3b995\" data-element_type=\"widget\" data-settings=\"{&quot;_animation&quot;:&quot;fadeInUp&quot;}\" data-widget_type=\"heading.default\">\n\t\t\t\t\t<h2 class=\"elementor-heading-title elementor-size-default\">Contactez-nous <\/h2>\t\t\t\t<\/div>\n\t\t\t\t<\/div>\n\t\t<div class=\"elementor-element elementor-element-c53c5c8 e-con-full e-flex e-con e-child\" data-id=\"c53c5c8\" data-element_type=\"container\">\n\t\t\t\t<div class=\"elementor-element elementor-element-7fa06e0 elementor-widget__width-initial elementor-list-item-link-inline elementor-align-right elementor-icon-list--layout-inline elementor-mobile-align-left elementor-widget elementor-widget-icon-list\" data-id=\"7fa06e0\" data-element_type=\"widget\" data-widget_type=\"icon-list.default\">\n\t\t\t\t\t\t\t<ul class=\"elementor-icon-list-items elementor-inline-items\">\n\t\t\t\t\t\t\t<li class=\"elementor-icon-list-item elementor-inline-item\">\n\t\t\t\t\t\t\t\t\t\t\t<a href=\"\/fr\/\">\n\n\t\t\t\t\t\t\t\t\t\t\t\t<span class=\"elementor-icon-list-icon\">\n\t\t\t\t\t\t\t<svg aria-hidden=\"true\" class=\"e-font-icon-svg e-fas-phone-alt\" viewbox=\"0 0 512 512\" xmlns=\"http:\/\/www.w3.org\/2000\/svg\"><path d=\"M497.39 361.8l-112-48a24 24 0 0 0-28 6.9l-49.6 60.6A370.66 370.66 0 0 1 130.6 204.11l60.6-49.6a23.94 23.94 0 0 0 6.9-28l-48-112A24.16 24.16 0 0 0 122.6.61l-104 24A24 24 0 0 0 0 48c0 256.5 207.9 464 464 464a24 24 0 0 0 23.4-18.6l24-104a24.29 24.29 0 0 0-14.01-27.6z\"><\/path><\/svg>\t\t\t\t\t\t<\/span>\n\t\t\t\t\t\t\t\t\t\t<span class=\"elementor-icon-list-text\">Phone: &nbsp;+212660850500<\/span>\n\t\t\t\t\t\t\t\t\t\t\t<\/a>\n\t\t\t\t\t\t\t\t\t<\/li>\n\t\t\t\t\t\t\t\t<li class=\"elementor-icon-list-item elementor-inline-item\">\n\t\t\t\t\t\t\t\t\t\t\t<a href=\"\/fr\/about\/\">\n\n\t\t\t\t\t\t\t\t\t\t\t\t<span class=\"elementor-icon-list-icon\">\n\t\t\t\t\t\t\t<svg aria-hidden=\"true\" class=\"e-font-icon-svg e-far-envelope\" viewbox=\"0 0 512 512\" xmlns=\"http:\/\/www.w3.org\/2000\/svg\"><path d=\"M464 64H48C21.49 64 0 85.49 0 112v288c0 26.51 21.49 48 48 48h416c26.51 0 48-21.49 48-48V112c0-26.51-21.49-48-48-48zm0 48v40.805c-22.422 18.259-58.168 46.651-134.587 106.49-16.841 13.247-50.201 45.072-73.413 44.701-23.208.375-56.579-31.459-73.413-44.701C106.18 199.465 70.425 171.067 48 152.805V112h416zM48 400V214.398c22.914 18.251 55.409 43.862 104.938 82.646 21.857 17.205 60.134 55.186 103.062 54.955 42.717.231 80.509-37.199 103.053-54.947 49.528-38.783 82.032-64.401 104.947-82.653V400H48z\"><\/path><\/svg>\t\t\t\t\t\t<\/span>\n\t\t\t\t\t\t\t\t\t\t<span class=\"elementor-icon-list-text\">Email:&nbsp; <a>rabat@rmfefpmorocco.com<\/a><\/span>\n\t\t\t\t\t\t\t\t\t\t\t<\/a>\n\t\t\t\t\t\t\t\t\t<\/li>\n\t\t\t\t\t\t\t\t<li class=\"elementor-icon-list-item elementor-inline-item\">\n\t\t\t\t\t\t\t\t\t\t\t<a href=\"https:\/\/wa.me\/212660850500\">\n\n\t\t\t\t\t\t\t\t\t\t\t\t<span class=\"elementor-icon-list-icon\">\n\t\t\t\t\t\t\t<svg aria-hidden=\"true\" class=\"e-font-icon-svg e-fab-whatsapp\" viewbox=\"0 0 448 512\" xmlns=\"http:\/\/www.w3.org\/2000\/svg\"><path d=\"M380.9 97.1C339 55.1 283.2 32 223.9 32c-122.4 0-222 99.6-222 222 0 39.1 10.2 77.3 29.6 111L0 480l117.7-30.9c32.4 17.7 68.9 27 106.1 27h.1c122.3 0 224.1-99.6 224.1-222 0-59.3-25.2-115-67.1-157zm-157 341.6c-33.2 0-65.7-8.9-94-25.7l-6.7-4-69.8 18.3L72 359.2l-4.4-7c-18.5-29.4-28.2-63.3-28.2-98.2 0-101.7 82.8-184.5 184.6-184.5 49.3 0 95.6 19.2 130.4 54.1 34.8 34.9 56.2 81.2 56.1 130.5 0 101.8-84.9 184.6-186.6 184.6zm101.2-138.2c-5.5-2.8-32.8-16.2-37.9-18-5.1-1.9-8.8-2.8-12.5 2.8-3.7 5.6-14.3 18-17.6 21.8-3.2 3.7-6.5 4.2-12 1.4-32.6-16.3-54-29.1-75.5-66-5.7-9.8 5.7-9.1 16.3-30.3 1.8-3.7.9-6.9-.5-9.7-1.4-2.8-12.5-30.1-17.1-41.2-4.5-10.8-9.1-9.3-12.5-9.5-3.2-.2-6.9-.2-10.6-.2-3.7 0-9.7 1.4-14.8 6.9-5.1 5.6-19.4 19-19.4 46.3 0 27.3 19.9 53.7 22.6 57.4 2.8 3.7 39.1 59.7 94.8 83.8 35.2 15.2 49 16.5 66.6 13.9 10.7-1.6 32.8-13.4 37.4-26.4 4.6-13 4.6-24.1 3.2-26.4-1.3-2.5-5-3.9-10.5-6.6z\"><\/path><\/svg>\t\t\t\t\t\t<\/span>\n\t\t\t\t\t\t\t\t\t\t<span class=\"elementor-icon-list-text\">Whatsapp<\/span>\n\t\t\t\t\t\t\t\t\t\t\t<\/a>\n\t\t\t\t\t\t\t\t\t<\/li>\n\t\t\t\t\t\t<\/ul>\n\t\t\t\t\t\t<\/div>\n\t\t\t\t<\/div>\n\t\t\t\t\t<\/div>\n\t\t\t\t<\/div>\n\t\t<div class=\"elementor-element elementor-element-59fef76 e-flex e-con-boxed e-con e-parent\" data-id=\"59fef76\" data-element_type=\"container\">\n\t\t\t\t\t<div class=\"e-con-inner\">\n\t\t\t\t<div class=\"elementor-element elementor-element-4ef3124 elementor-widget__width-initial elementor-button-align-stretch elementor-widget elementor-widget-form\" data-id=\"4ef3124\" data-element_type=\"widget\" data-settings=\"{&quot;step_next_label&quot;:&quot;Next&quot;,&quot;step_previous_label&quot;:&quot;Previous&quot;,&quot;button_width&quot;:&quot;100&quot;,&quot;step_type&quot;:&quot;number_text&quot;,&quot;step_icon_shape&quot;:&quot;circle&quot;}\" data-widget_type=\"form.default\">\n\t\t\t\t\t\t\t<form class=\"elementor-form\" method=\"post\" name=\"Professionals\" aria-label=\"Professionals\" action=\"\">\n\t\t\t<input type=\"hidden\" name=\"post_id\" value=\"18\"\/>\n\t\t\t<input type=\"hidden\" name=\"form_id\" value=\"4ef3124\"\/>\n\t\t\t<input type=\"hidden\" name=\"referer_title\" value=\"\" \/>\n\n\t\t\t\n\t\t\t<div class=\"elementor-form-fields-wrapper elementor-labels-above\">\n\t\t\t\t\t\t\t\t<div class=\"elementor-field-type-select elementor-field-group elementor-column elementor-field-group-field_f8e2ae2 elementor-col-100 elementor-field-required elementor-mark-required\">\n\t\t\t\t\t\t\t\t\t\t\t\t<label for=\"form-field-field_f8e2ae2\" class=\"elementor-field-label\">\n\t\t\t\t\t\t\t\t\u00c0 la recherche de ? \t\t\t\t\t\t\t<\/label>\n\t\t\t\t\t\t\t\t<div class=\"elementor-field elementor-select-wrapper remove-before\">\n\t\t\t<div class=\"select-caret-down-wrapper\">\n\t\t\t\t<svg aria-hidden=\"true\" class=\"e-font-icon-svg e-eicon-caret-down\" viewbox=\"0 0 571.4 571.4\" xmlns=\"http:\/\/www.w3.org\/2000\/svg\"><path d=\"M571 393Q571 407 561 418L311 668Q300 679 286 679T261 668L11 418Q0 407 0 393T11 368 36 357H536Q550 357 561 368T571 393Z\"><\/path><\/svg>\t\t\t<\/div>\n\t\t\t<select name=\"form_fields[field_f8e2ae2]\" id=\"form-field-field_f8e2ae2\" class=\"elementor-field-textual elementor-size-sm\" required=\"required\">\n\t\t\t\t\t\t\t\t\t<option value=\"Partnership\">Partenariat<\/option>\n\t\t\t\t\t\t\t\t\t<option value=\"Career opportunity\">Opportunit\u00e9 de carri\u00e8re<\/option>\n\t\t\t\t\t\t\t\t\t<option value=\"Information\">Information<\/option>\n\t\t\t\t\t\t\t<\/select>\n\t\t<\/div>\n\t\t\t\t\t\t<\/div>\n\t\t\t\t\t\t\t\t<div class=\"elementor-field-type-text elementor-field-group elementor-column elementor-field-group-field_09ba405 elementor-col-100 elementor-field-required elementor-mark-required\">\n\t\t\t\t\t\t\t\t\t\t\t\t<label for=\"form-field-field_09ba405\" class=\"elementor-field-label\">\n\t\t\t\t\t\t\t\tFull Name\t\t\t\t\t\t\t<\/label>\n\t\t\t\t\t\t\t\t\t\t\t\t\t\t<input size=\"1\" type=\"text\" name=\"form_fields[field_09ba405]\" id=\"form-field-field_09ba405\" class=\"elementor-field elementor-size-sm  elementor-field-textual\" placeholder=\"Pr\u00e9nom\" required=\"required\">\n\t\t\t\t\t\t\t\t\t\t\t<\/div>\n\t\t\t\t\t\t\t\t<div class=\"elementor-field-type-email elementor-field-group elementor-column elementor-field-group-email elementor-col-100 elementor-field-required elementor-mark-required\">\n\t\t\t\t\t\t\t\t\t\t\t\t<label for=\"form-field-email\" class=\"elementor-field-label\">\n\t\t\t\t\t\t\t\tEmail\t\t\t\t\t\t\t<\/label>\n\t\t\t\t\t\t\t\t\t\t\t\t\t\t<input size=\"1\" type=\"email\" name=\"form_fields[email]\" id=\"form-field-email\" class=\"elementor-field elementor-size-sm  elementor-field-textual\" placeholder=\"Email\" required=\"required\">\n\t\t\t\t\t\t\t\t\t\t\t<\/div>\n\t\t\t\t\t\t\t\t<div class=\"elementor-field-type-textarea elementor-field-group elementor-column elementor-field-group-message elementor-col-100 elementor-field-required elementor-mark-required\">\n\t\t\t\t\t\t\t\t\t\t\t\t<label for=\"form-field-message\" class=\"elementor-field-label\">\n\t\t\t\t\t\t\t\tMessage\t\t\t\t\t\t\t<\/label>\n\t\t\t\t\t\t<textarea class=\"elementor-field-textual elementor-field  elementor-size-sm\" name=\"form_fields[message]\" id=\"form-field-message\" rows=\"12\" placeholder=\"Message\" required=\"required\"><\/textarea>\t\t\t\t<\/div>\n\t\t\t\t\t\t\t\t<div class=\"elementor-field-group elementor-column elementor-field-type-submit elementor-col-100 e-form__buttons\">\n\t\t\t\t\t<button class=\"elementor-button elementor-size-sm\" type=\"submit\" id=\"send\">\n\t\t\t\t\t\t<span class=\"elementor-button-content-wrapper\">\n\t\t\t\t\t\t\t\t\t\t\t\t\t\t\t<span class=\"elementor-button-icon\">\n\t\t\t\t\t\t\t\t\t<svg xmlns=\"http:\/\/www.w3.org\/2000\/svg\" xmlns:xlink=\"http:\/\/www.w3.org\/1999\/xlink\" width=\"31\" height=\"25\" viewbox=\"0 0 31 25\" fill=\"none\"><rect width=\"30.5215\" height=\"25\" fill=\"url(#pattern0_5069_7348)\"><\/rect><defs><pattern id=\"pattern0_5069_7348\" patterncontentunits=\"objectBoundingBox\" width=\"1\" height=\"1\"><use xlink:href=\"#image0_5069_7348\" transform=\"matrix(0.00819095 0 0 0.01 0.0904526 0)\"><\/use><\/pattern><image id=\"image0_5069_7348\" width=\"100\" height=\"100\" preserveaspectratio=\"none\" xlink:href=\"data:image\/png;base64,iVBORw0KGgoAAAANSUhEUgAAAGQAAABkCAYAAABw4pVUAAAACXBIWXMAAAsTAAALEwEAmpwYAAAC0ElEQVR4nO3dvWoUURiH8QOCjRD1EmJlLsDOQhDBG9AyCGKltUYLd1MpeAMKfkCizV6IFoqi5gq0s7AKFhLzyHEPosnu7OieM3Ped\/4\/2Ppl9sl8bObMbggiIiIiIiIiIiIi3gFHgIvAA+AFMKng9Qy4DayFIQHOADvUaz\/9kawE74BzwDds+OA6CnAC+IIt28Er4C727Ls9pwDvsGkjeATsYtOT4BF2TYJH2KUglVGQyihIZRSkMgpSGQWpjIJURkEqoyCVUZDKKEhl\/AUBjhZ6sz4BI+Aq8BD4XmCGyyCrBd6o98DxA3POFojiMsg18js\/Z9ajzHMmHpf87JDfsTnzrmSe4y7IJgU0zLuUedTE056xmRYKZNcwV0EOXE2tpnNG0cVw7oOkdVNxqc5bCwsSgucgaUWhqUVswWuQtNbWyvJO30EKXpIW5zVIfCTApOA0SHw+w6TgNEh8DsKk4DRIfHLIpKAgdQkKUpegIEsZkZmC\/L9ROl9lpSBLxIgy91CQZWJECtLvZe9oxqysGrZJn0MWxYgUpJ89ZNwwK6e9hjmXs04y\/El9vGBWTh8b5lzPOslokHGLWTmtN8y5P\/Qg45azlrWX7t2sL5jzmgEHaRWjK8CpAqtczASZeTXVJ+A5+ZkIUtWeEQEXgB8MMMjn2r5HClgDvlJG9UGiV7VEYbpnlIphJkjvUZiewLcLHaZMBvmnKEz\/x7Ts6wZwL13aFlkzbD1I9AY42WKWVeaCtIqCXSaDLIyCXWaDNEbBLtNB5kbBLvNBZkbBLhdBDkXBLjdB\/oqCXa6C\/I6CXe6CRC+xy2UQyxSkMgoy5CBP+95aAx53GeRO31trwEbXtz67uq9gUbz5dbqzINYf\/OzAVqcxUpCV9ANYcvgb6\/q5RZ2ixDVNOnzx6zC1VcUijnROuZV+ZLHvH3qcdPyK23yz83OGiIiIiIiIiIiISPjDTyiBBwUFQhKmAAAAAElFTkSuQmCC\"><\/image><\/defs><\/svg>\t\t\t\t\t\t\t\t\t\t\t\t\t\t\t\t\t<\/span>\n\t\t\t\t\t\t\t\t\t\t\t\t\t\t\t\t\t\t\t\t\t\t<span class=\"elementor-button-text\">Envoyer<\/span>\n\t\t\t\t\t\t\t\t\t\t\t\t\t<\/span>\n\t\t\t\t\t<\/button>\n\t\t\t\t<\/div>\n\t\t\t<\/div>\n\t\t<input type=\"hidden\" name=\"trp-form-language\" value=\"fr\"\/><\/form>\n\t\t\t\t\t\t<\/div>\n\t\t<div class=\"elementor-element elementor-element-b8b668b e-con-full e-flex e-con e-child\" data-id=\"b8b668b\" data-element_type=\"container\">\n\t\t<div class=\"elementor-element elementor-element-74d0e90 e-con-full overlay_image_right e-flex e-con e-child\" data-id=\"74d0e90\" data-element_type=\"container\" data-settings=\"{&quot;background_background&quot;:&quot;classic&quot;,&quot;position&quot;:&quot;absolute&quot;}\">\n\t\t\t\t<\/div>\n\t\t\t\t<div class=\"elementor-element elementor-element-ac4244c elementor-widget elementor-widget-image\" data-id=\"ac4244c\" data-element_type=\"widget\" data-widget_type=\"image.default\">\n\t\t\t\t\t\t\t\t\t\t\t\t\t\t\t<img decoding=\"async\" width=\"2560\" height=\"1707\" src=\"https:\/\/rmfefpmorocco.com\/wp-content\/uploads\/2025\/08\/COACH9-scaled.jpg\" class=\"attachment-full size-full wp-image-1175\" alt=\"\" srcset=\"https:\/\/rmfefpmorocco.com\/wp-content\/uploads\/2025\/08\/COACH9-scaled.jpg 2560w, https:\/\/rmfefpmorocco.com\/wp-content\/uploads\/2025\/08\/COACH9-300x200.jpg 300w, https:\/\/rmfefpmorocco.com\/wp-content\/uploads\/2025\/08\/COACH9-1024x683.jpg 1024w, https:\/\/rmfefpmorocco.com\/wp-content\/uploads\/2025\/08\/COACH9-768x512.jpg 768w, https:\/\/rmfefpmorocco.com\/wp-content\/uploads\/2025\/08\/COACH9-1536x1024.jpg 1536w, https:\/\/rmfefpmorocco.com\/wp-content\/uploads\/2025\/08\/COACH9-2048x1365.jpg 2048w, https:\/\/rmfefpmorocco.com\/wp-content\/uploads\/2025\/08\/COACH9-18x12.jpg 18w, https:\/\/rmfefpmorocco.com\/wp-content\/uploads\/2025\/08\/COACH9-1200x800.jpg 1200w, https:\/\/rmfefpmorocco.com\/wp-content\/uploads\/2025\/08\/COACH9-1980x1320.jpg 1980w\" sizes=\"(max-width: 2560px) 100vw, 2560px\" \/>\t\t\t\t\t\t\t\t\t\t\t\t\t\t\t<\/div>\n\t\t\t\t<\/div>\n\t\t\t\t\t<\/div>\n\t\t\t\t<\/div>\n\t\t<div class=\"elementor-element elementor-element-d4876e7 e-flex e-con-boxed e-con e-parent\" data-id=\"d4876e7\" data-element_type=\"container\">\n\t\t\t\t\t<div class=\"e-con-inner\">\n\t\t\t\t<div class=\"elementor-element elementor-element-0208af3 elementor-widget elementor-widget-gallery_slider_widget\" data-id=\"0208af3\" data-element_type=\"widget\" data-widget_type=\"gallery_slider_widget.default\">\n\t\t\t\t<div class=\"elementor-widget-container\">\n\t\t\t\t\t<div id=\"custom-gallery-slider-widget-0208af3\" \r\n                  class=\"custom-gallery-slider-widget-container\" \r\n                  data-images=\"[{&quot;id&quot;:40,&quot;url&quot;:&quot;https:\\\/\\\/darkslateblue-fly-525167.hostingersite.com\\\/wp-content\\\/uploads\\\/2025\\\/07\\\/Rectangle-12.png&quot;,&quot;alt&quot;:&quot;&quot;,&quot;caption&quot;:&quot;&quot;},{&quot;id&quot;:41,&quot;url&quot;:&quot;https:\\\/\\\/darkslateblue-fly-525167.hostingersite.com\\\/wp-content\\\/uploads\\\/2025\\\/07\\\/Rectangle-43301.png&quot;,&quot;alt&quot;:&quot;&quot;,&quot;caption&quot;:&quot;&quot;},{&quot;id&quot;:42,&quot;url&quot;:&quot;https:\\\/\\\/darkslateblue-fly-525167.hostingersite.com\\\/wp-content\\\/uploads\\\/2025\\\/07\\\/Rectangle-43321-1.png&quot;,&quot;alt&quot;:&quot;&quot;,&quot;caption&quot;:&quot;&quot;},{&quot;id&quot;:868,&quot;url&quot;:&quot;https:\\\/\\\/darkslateblue-fly-525167.hostingersite.com\\\/wp-content\\\/uploads\\\/2025\\\/08\\\/3-scaled.jpg&quot;,&quot;alt&quot;:&quot;&quot;,&quot;caption&quot;:&quot;&quot;},{&quot;id&quot;:869,&quot;url&quot;:&quot;https:\\\/\\\/darkslateblue-fly-525167.hostingersite.com\\\/wp-content\\\/uploads\\\/2025\\\/08\\\/4-scaled.jpg&quot;,&quot;alt&quot;:&quot;&quot;,&quot;caption&quot;:&quot;&quot;},{&quot;id&quot;:870,&quot;url&quot;:&quot;https:\\\/\\\/darkslateblue-fly-525167.hostingersite.com\\\/wp-content\\\/uploads\\\/2025\\\/08\\\/5-scaled.jpg&quot;,&quot;alt&quot;:&quot;&quot;,&quot;caption&quot;:&quot;&quot;},{&quot;id&quot;:871,&quot;url&quot;:&quot;https:\\\/\\\/darkslateblue-fly-525167.hostingersite.com\\\/wp-content\\\/uploads\\\/2025\\\/08\\\/7-scaled.jpg&quot;,&quot;alt&quot;:&quot;&quot;,&quot;caption&quot;:&quot;&quot;},{&quot;id&quot;:877,&quot;url&quot;:&quot;https:\\\/\\\/darkslateblue-fly-525167.hostingersite.com\\\/wp-content\\\/uploads\\\/2025\\\/08\\\/11.jpg&quot;,&quot;alt&quot;:&quot;&quot;,&quot;caption&quot;:&quot;&quot;},{&quot;id&quot;:1195,&quot;url&quot;:&quot;https:\\\/\\\/darkslateblue-fly-525167.hostingersite.com\\\/wp-content\\\/uploads\\\/2025\\\/08\\\/COACH1-scaled.jpg&quot;,&quot;alt&quot;:&quot;&quot;,&quot;caption&quot;:&quot;&quot;},{&quot;id&quot;:1196,&quot;url&quot;:&quot;https:\\\/\\\/darkslateblue-fly-525167.hostingersite.com\\\/wp-content\\\/uploads\\\/2025\\\/08\\\/COACH4-scaled.jpg&quot;,&quot;alt&quot;:&quot;&quot;,&quot;caption&quot;:&quot;&quot;},{&quot;id&quot;:1200,&quot;url&quot;:&quot;https:\\\/\\\/darkslateblue-fly-525167.hostingersite.com\\\/wp-content\\\/uploads\\\/2025\\\/08\\\/COACH11.jpg&quot;,&quot;alt&quot;:&quot;&quot;,&quot;caption&quot;:&quot;&quot;}]\"\r\n                  data-widget-type=\"gallery_slider_widget\"\r\n                  style=\"position: relative; overflow: hidden; min-height: 200px;\">\r\n             <\/div><script>\r\n            if (window.jQuery) {\r\n                jQuery(document).ready(function() {\r\n                    if (window.initCustomWidget) {\r\n                        window.initCustomWidget('custom-gallery-slider-widget-0208af3', 'gallery_slider_widget');\r\n                    }\r\n                });\r\n            } else {\r\n                \/\/ Fallback for when jQuery isn't available\r\n                document.addEventListener('DOMContentLoaded', function() {\r\n                    if (window.initCustomWidget) {\r\n                        window.initCustomWidget('custom-gallery-slider-widget-0208af3', 'gallery_slider_widget');\r\n                    }\r\n                });\r\n            }\r\n        <\/script>\t\t\t\t<\/div>\n\t\t\t\t<\/div>\n\t\t\t\t\t<\/div>\n\t\t\t\t<\/div>\n\t\t<div class=\"elementor-element elementor-element-8cf751e e-flex e-con-boxed e-con e-parent\" data-id=\"8cf751e\" data-element_type=\"container\">\n\t\t\t\t\t<div class=\"e-con-inner\">\n\t\t\t\t<div class=\"elementor-element elementor-element-07588db elementor-hidden-desktop elementor-hidden-tablet elementor-hidden-mobile elementor-invisible elementor-widget elementor-widget-heading\" data-id=\"07588db\" data-element_type=\"widget\" data-settings=\"{&quot;_animation&quot;:&quot;fadeInUp&quot;}\" data-widget_type=\"heading.default\">\n\t\t\t\t\t<h2 class=\"elementor-heading-title elementor-size-default\">Nos actualit\u00e9s<\/h2>\t\t\t\t<\/div>\n\t\t\t\t<div class=\"elementor-element elementor-element-ba9c8e6 elementor-widget__width-inherit elementor-hidden-desktop elementor-hidden-tablet elementor-hidden-mobile elementor-invisible elementor-widget elementor-widget-text-editor\" data-id=\"ba9c8e6\" data-element_type=\"widget\" data-settings=\"{&quot;_animation&quot;:&quot;fadeInUp&quot;,&quot;_animation_delay&quot;:0.2}\" data-widget_type=\"text-editor.default\">\n\t\t\t\t\t\t\t\t\t<p>Derni\u00e8res nouvelles de Fundaci\u00f3n Real Madrid Maroc. Mises \u00e0 jour sur les programmes, \u00e9v\u00e9nements et r\u00e9alisations des joueurs dans notre communaut\u00e9.<\/p>\t\t\t\t\t\t\t\t<\/div>\n\t\t\t\t\t<\/div>\n\t\t\t\t<\/div>\n\t\t<div class=\"elementor-element elementor-element-ffb85fe e-flex e-con-boxed e-con e-parent\" data-id=\"ffb85fe\" data-element_type=\"container\">\n\t\t\t\t\t<div class=\"e-con-inner\">\n\t\t\t\t<div class=\"elementor-element elementor-element-95f8c9b elementor-hidden-desktop elementor-hidden-tablet elementor-hidden-mobile elementor-widget elementor-widget-post_slider\" data-id=\"95f8c9b\" data-element_type=\"widget\" data-widget_type=\"post_slider.default\">\n\t\t\t\t<div class=\"elementor-widget-container\">\n\t\t\t\t\t<div id=\"post-slider-widget-95f8c9b\" \r\n                  class=\"post-slider-widget-container\" \r\n                  data-query=\"{&quot;posts_per_page&quot;:12,&quot;orderby&quot;:&quot;date&quot;,&quot;order&quot;:&quot;desc&quot;,&quot;post_type&quot;:&quot;post&quot;}\"\r\n                  data-display-options=\"{&quot;showExcerpt&quot;:false,&quot;excerptLength&quot;:&quot;medium&quot;,&quot;showAuthor&quot;:false,&quot;showDate&quot;:true,&quot;dateFormat&quot;:&quot;relative&quot;,&quot;showCategories&quot;:true,&quot;showTags&quot;:false,&quot;showFeaturedImage&quot;:true,&quot;enableLoadMore&quot;:false,&quot;slidesPerView&quot;:3,&quot;spaceBetween&quot;:0,&quot;autoplayDelay&quot;:3000,&quot;enableNavigation&quot;:false}\"\r\n                  data-style-overrides=\"{&quot;--card-bg&quot;:&quot;#ffffff&quot;,&quot;--card-radius&quot;:&quot;17px&quot;,&quot;--title-color&quot;:&quot;#1a202c&quot;,&quot;--text-color&quot;:&quot;#4a5568&quot;,&quot;--accent-color&quot;:&quot;#BE863B&quot;}\"\r\n                  data-is-editor=\"false\"\r\n                  data-widget-type=\"post_slider\"\r\n                  style=\"position: relative; overflow: hidden; min-height: 300px;\">\r\n                  \r\n             <\/div><script>\r\n            (function() {\r\n                var containerId = 'post-slider-widget-95f8c9b';\r\n                var isEditor = false;\r\n                \r\n                function initializeWidget() {\r\n                    if (window.initCustomWidget) {\r\n                        console.log('Initializing PostSlider widget: ' + containerId);\r\n                        window.initCustomWidget(containerId, 'post_slider');\r\n                        return true;\r\n                    }\r\n                    return false;\r\n                }\r\n                \r\n                function tryInitialize() {\r\n                    if (!initializeWidget()) {\r\n                        console.warn('Widget system not ready for post_slider, retrying...');\r\n                        setTimeout(tryInitialize, 500);\r\n                    }\r\n                }\r\n                \r\n                \/\/ For Elementor editor\r\n                if (isEditor) {\r\n                    if (window.elementorFrontend) {\r\n                        window.elementorFrontend.hooks.addAction('frontend\/element_ready\/post_slider.default', function() {\r\n                            setTimeout(tryInitialize, 100);\r\n                        });\r\n                    }\r\n                }\r\n                \r\n                \/\/ For frontend and editor\r\n                if (document.readyState === 'loading') {\r\n                    document.addEventListener('DOMContentLoaded', tryInitialize);\r\n                } else {\r\n                    \/\/ DOM is already ready\r\n                    setTimeout(tryInitialize, 100);\r\n                }\r\n                \r\n                \/\/ Additional fallback for Elementor editor\r\n                if (isEditor) {\r\n                    setTimeout(tryInitialize, 1000);\r\n                }\r\n            })();\r\n        <\/script>\t\t\t\t<\/div>\n\t\t\t\t<\/div>\n\t\t\t\t\t<\/div>\n\t\t\t\t<\/div>\n\t\t\t\t<\/div>","protected":false},"excerpt":{"rendered":"<p>Get In Touch Phone: &nbsp;+212660850500 Email:&nbsp; rabat@rmfefpmorocco.com Whatsapp Our News Latest news from Fundaci\u00f3n Real Madrid Morocco. Updates on programs, events, and player achievements in our community<\/p>","protected":false},"author":1,"featured_media":0,"parent":0,"menu_order":0,"comment_status":"closed","ping_status":"closed","template":"elementor_header_footer","meta":{"_acf_changed":false,"footnotes":""},"class_list":["post-18","page","type-page","status-publish","hentry"],"acf":[],"_links":{"self":[{"href":"https:\/\/rmfefpmorocco.com\/fr\/wp-json\/wp\/v2\/pages\/18","targetHints":{"allow":["GET"]}}],"collection":[{"href":"https:\/\/rmfefpmorocco.com\/fr\/wp-json\/wp\/v2\/pages"}],"about":[{"href":"https:\/\/rmfefpmorocco.com\/fr\/wp-json\/wp\/v2\/types\/page"}],"author":[{"embeddable":true,"href":"https:\/\/rmfefpmorocco.com\/fr\/wp-json\/wp\/v2\/users\/1"}],"replies":[{"embeddable":true,"href":"https:\/\/rmfefpmorocco.com\/fr\/wp-json\/wp\/v2\/comments?post=18"}],"version-history":[{"count":0,"href":"https:\/\/rmfefpmorocco.com\/fr\/wp-json\/wp\/v2\/pages\/18\/revisions"}],"wp:attachment":[{"href":"https:\/\/rmfefpmorocco.com\/fr\/wp-json\/wp\/v2\/media?parent=18"}],"curies":[{"name":"wp","href":"https:\/\/api.w.org\/{rel}","templated":true}]}}