{"id":386,"date":"2025-07-24T19:40:19","date_gmt":"2025-07-24T19:40:19","guid":{"rendered":"https:\/\/rmfefpmorocco.com\/?page_id=386"},"modified":"2025-08-10T02:25:37","modified_gmt":"2025-08-10T02:25:37","slug":"faqs","status":"publish","type":"page","link":"https:\/\/rmfefpmorocco.com\/fr\/faqs\/","title":{"rendered":"FAQs"},"content":{"rendered":"<div data-elementor-type=\"wp-page\" data-elementor-id=\"386\" class=\"elementor elementor-386\" data-elementor-post-type=\"page\">\n\t\t\t\t<div class=\"elementor-element elementor-element-7a86596 e-flex e-con-boxed e-con e-parent\" data-id=\"7a86596\" data-element_type=\"container\">\n\t\t\t\t\t<div class=\"e-con-inner\">\n\t\t\t\t<div class=\"elementor-element elementor-element-2d91c24 elementor-widget__width-inherit elementor-widget elementor-widget-image\" data-id=\"2d91c24\" data-element_type=\"widget\" data-widget_type=\"image.default\">\n\t\t\t\t\t\t\t\t\t\t\t\t\t\t\t<img fetchpriority=\"high\" decoding=\"async\" width=\"580\" height=\"387\" src=\"https:\/\/rmfefpmorocco.com\/wp-content\/uploads\/2025\/08\/KIDS53-1024x683.jpg\" class=\"attachment-large size-large wp-image-1150\" alt=\"\" srcset=\"https:\/\/rmfefpmorocco.com\/wp-content\/uploads\/2025\/08\/KIDS53-1024x683.jpg 1024w, https:\/\/rmfefpmorocco.com\/wp-content\/uploads\/2025\/08\/KIDS53-300x200.jpg 300w, https:\/\/rmfefpmorocco.com\/wp-content\/uploads\/2025\/08\/KIDS53-768x512.jpg 768w, https:\/\/rmfefpmorocco.com\/wp-content\/uploads\/2025\/08\/KIDS53-1536x1024.jpg 1536w, https:\/\/rmfefpmorocco.com\/wp-content\/uploads\/2025\/08\/KIDS53-2048x1365.jpg 2048w, https:\/\/rmfefpmorocco.com\/wp-content\/uploads\/2025\/08\/KIDS53-18x12.jpg 18w, https:\/\/rmfefpmorocco.com\/wp-content\/uploads\/2025\/08\/KIDS53-1200x800.jpg 1200w, https:\/\/rmfefpmorocco.com\/wp-content\/uploads\/2025\/08\/KIDS53-1980x1320.jpg 1980w\" sizes=\"(max-width: 580px) 100vw, 580px\" \/>\t\t\t\t\t\t\t\t\t\t\t\t\t\t\t<\/div>\n\t\t\t\t\t<\/div>\n\t\t\t\t<\/div>\n\t\t<div class=\"elementor-element elementor-element-b68882b e-flex e-con-boxed e-con e-parent\" data-id=\"b68882b\" data-element_type=\"container\">\n\t\t\t\t\t<div class=\"e-con-inner\">\n\t\t\t\t<div class=\"elementor-element elementor-element-dea4826 elementor-widget elementor-widget-heading\" data-id=\"dea4826\" data-element_type=\"widget\" data-widget_type=\"heading.default\">\n\t\t\t\t\t<h2 class=\"elementor-heading-title elementor-size-default\">Foire \u00e0 Question<\/h2>\t\t\t\t<\/div>\n\t\t\t\t<div class=\"elementor-element elementor-element-c7199d5 elementor-widget__width-inherit elementor-widget elementor-widget-text-editor\" data-id=\"c7199d5\" data-element_type=\"widget\" data-widget_type=\"text-editor.default\">\n\t\t\t\t\t\t\t\t\t<p>Trouvez ici les r\u00e9ponses aux questions fr\u00e9quentes sur nos programmes, processus d'inscription et m\u00e9thodologie de formation<\/p>\t\t\t\t\t\t\t\t<\/div>\n\t\t\t\t\t<\/div>\n\t\t\t\t<\/div>\n\t\t<div class=\"elementor-element elementor-element-d485fe3 e-flex e-con-boxed e-con e-parent\" data-id=\"d485fe3\" data-element_type=\"container\">\n\t\t\t\t\t<div class=\"e-con-inner\">\n\t\t\t\t<div class=\"elementor-element elementor-element-bf391ca elementor-widget elementor-widget-faqs_widget\" data-id=\"bf391ca\" data-element_type=\"widget\" data-widget_type=\"faqs_widget.default\">\n\t\t\t\t<div class=\"elementor-widget-container\">\n\t\t\t\t\t<div id=\"custom-faqs-widget-bf391ca\" class=\"custom-faqs-widget-container\" data-heading=\"Frequently Asked Questions\" data-subheading=\"Find answers to common questions about our programs, enrollment process, and training methodology here.\" data-accent-color=\"#567CFE\" data-enable-tabs=\"true\" data-default-open=\"false\" data-tabs-data=\"[{&quot;name&quot;:&quot;RMF&quot;,&quot;faqs&quot;:[{&quot;question&quot;:&quot;What is Fundaci\u00f3n Real Madrid - Educational Football Program Morocco ?&quot;,&quot;answer&quot;:&quot;Welcome to a new era of football development, where passion, excellence, and shared values converge. Play Makers is proud to announce its collaboration with Fundaci\u00f3n Real Madrid for the establishement of the Educational Football Program in Morocco, the epitome of football greatness. This partnership aims to foster a culture of excellence, integrity, and community, providing every aspiring athlete with the opportunity to thrive. Combining Real Madrid Foundation\\u0027s legacy of success and global expertise with Play Makers\\u0027 innovative approach, we are set to transform the landscape of football in Morocco.&quot;},{&quot;question&quot;:&quot;What does the Fundaci\u00f3n in Fundaci\u00f3n Real Madrid stand for?&quot;,&quot;answer&quot;:&quot;\\u0022Fundaci\u00f3n Real Madrid is the instrument by which the Real Madrid FC is present in society and develops its social and cultural awareness programmes. We are honoured to be part of this initiative, knowing that 70% or Real MAdrid Foundation are re-invested in social programs and initiatives all over the world.\\u0022&quot;},{&quot;question&quot;:&quot;Are you the Official Football Program of Fundaci\u00f3n Real Madrid?&quot;,&quot;answer&quot;:&quot;Fundaci\u00f3n Real Madrid was established with the aim of bringing the social, cultural, and sporting values of Fundaci\u00f3n Real Madrid Club to the public. Within the foundation\\u0027s scope of sporting activities, the Real Madrid Educational Football Program aims to introduce the Official Real Madrid Football Club methodology to children aged 5-17. Currently, we are running the program under the countinous supervision of the Real Madrid Foundation.&quot;},{&quot;question&quot;:&quot;What are the benefits of joining Fundaci\u00f3n Real Madrid Football Program?&quot;,&quot;answer&quot;:&quot;Joining Fundaci\u00f3n Real Madrid Football Program provides young athletes with world- class training, access to experienced coaches, and the opportunity to develop their skills in a structured, supportive environment. Participants benefit from a curriculum that emphasizes tactical prowess, teamwork, and personal growth, preparing them for national and international competitions while instilling a winning mentality.&quot;}]},{&quot;name&quot;:&quot;Program&quot;,&quot;faqs&quot;:[{&quot;question&quot;:&quot;Can Everyone Join the Training Sessions?&quot;,&quot;answer&quot;:&quot;All athletes between the ages of 5 and 17 can participate in the official Fundaci\u00f3n Real Madrid Football Training Program. Additionally, we offer personalized individual training sessions.&quot;},{&quot;question&quot;:&quot;Does Girls have the opportunity to Train at RMF Educational footbal program ?&quot;,&quot;answer&quot;:&quot;Just like in all other sports disciplines, in football, what matters is not gender dominance but providing opportunities to assess interest in the sport. As Fundaci\u00f3n Real Madrid Educational Football Program, we offer comprehensive support to the strong girls of football and provide opportunities to encourage them and bring out their best side on and off the field.&quot;},{&quot;question&quot;:&quot;How experienced must my child be to join you?&quot;,&quot;answer&quot;:&quot;No prior experience is required! We welcome all who wish to join the Real Madrid Foundation family. As we have a variety of training sessions and training groups, there will be a group that is suited to your child\\u0027s age and experience\\\/skill level. Just come for an assesment and we will be able to advise you on which training groups are suitable for yor kid.&quot;},{&quot;question&quot;:&quot;How can I enrol my child in the program?&quot;,&quot;answer&quot;:&quot;To enrol your child in the program, please\u00a0contact us or leave your contact details, and our team will reach out to you to guide you through the registration process.&quot;},{&quot;question&quot;:&quot;Where are the training centres located in Morocco ?&quot;,&quot;answer&quot;:&quot;Fundaci\u00f3n Real Madrid Eductaional Football Program first training center is established in Rabat within the High ended facilities of the Rabat American School. Other sites ans cities may be added in the nearest future.&quot;},{&quot;question&quot;:&quot;What is the duration of the Program ?&quot;,&quot;answer&quot;:&quot;Our program runs from the beginning of September until the end of June and is offered as a 10-month package.&quot;},{&quot;question&quot;:&quot;How often are the training sessions held?&quot;,&quot;answer&quot;:&quot;Training sessions are held between 2 to 4 days a week, depending on the specific program and age group. For more details, please get in touch with our team.&quot;},{&quot;question&quot;:&quot;What is the duration of the training sessions ?&quot;,&quot;answer&quot;:&quot;Duration of training sessions vary from 1h to 1h30 depending on the specific program and age group. For more details, please get in touch with our team.&quot;},{&quot;question&quot;:&quot;What age groups does the program cater to?&quot;,&quot;answer&quot;:&quot;Fundaci\u00f3n Real Madrid - Educational Football Program cater to young athletes across various age groups, offering a comprehensive training regimen that balances individual skill development and team dynamics. The program offer to promising talents through rigorous trainings, ensuring the best represent the iconic Fundaci\u00f3n Real Madrid Educational Football Program crest. With a 43-week curriculum divided into three modules per season, training sessions are designed to accommodate academic commitments while providing a transformative experience both on and off the pitch.&quot;},{&quot;question&quot;:&quot;How are practice groups formed, and can I be with my friends?\u00a0&quot;,&quot;answer&quot;:&quot;Players are grouped by age and skill level. During registration, you will be asked to provide this information, and the coach will assess the player during the initial classes.\u00a0 You may join the program with friends, but players are grouped by age and skill level. Specific placement requests are discouraged.&quot;},{&quot;question&quot;:&quot;When should I arrive for training?\u00a0&quot;,&quot;answer&quot;:&quot;Discipline and engagement are one of the showcased values of the Educational Football Program. Students should arrive 10 \u2013 15 minutes before the session begins. Session starts on time, so all kids must be ready with their uniforms and boots on, BEFORE the session starts.&quot;},{&quot;question&quot;:&quot;What equipment does my child need for training?&quot;,&quot;answer&quot;:&quot;The official EFP kit will be handed to each player upon registration. The official kit includes : * 1 Training kit with socks * 1 Match Kit with socks * 1 Shin Guards * 2 Base tee * 1 Jogging * 1 Hat * 1 Bottle Water * 1 Bag The Official Kit is mandatory for all training sessions ang games, participants needs to invest on appropriate football boots for artifical turf&quot;}]},{&quot;name&quot;:&quot;Coaches&quot;,&quot;faqs&quot;:[{&quot;question&quot;:&quot;Who are the coaches involved in the program?&quot;,&quot;answer&quot;:&quot;\\u0022The Technical Direction of the Educational Football Program is leaded by A UEFA Pro Licensed Spanish Head Coach appointed by Fundaci\u00f3n Real Madrid. The technical Director is regularly in touch with the Technical Direction of the Fundaci\u00f3n Real Madrid to oversee the implementation and dissemination of the training plan, and ensure the reporting and updat of the Methodology. Our coaches at Fundaci\u00f3n Real Madrid - Educational Football Program are carefully chosen by the Technical Director to meet the highest standards of expertise and passion for the game. Through weekly \\u0022coach the coaches\\u0022 sessions, we uphold an international standard of coaching excellence across all football programs. Coaches are assigned specific age groups, allowing them to customize training programs to suit the developmental needs of each player. With licensing programs conducted, our coaches undergo rigorous training to ensure they bring out the best in every player.\\u0022&quot;},{&quot;question&quot;:&quot;Which language will my child communicate with the coach in?&quot;,&quot;answer&quot;:&quot;We beleive in diversity and cultural exchanges skills, our students can communicate with theirs coaches in the languauge there are more comfortable expressing themselves in. Our Staff and coaches speaks Arabic, French, English ans spanish.&quot;},{&quot;question&quot;:&quot;Is there an initial assessment before joining the RMF - EFP Morocco ?&quot;,&quot;answer&quot;:&quot;Yes, there is an initial assessment process in place. One of our qualified team members will conduct an evaluation. The result of this assessment will help determine the most suitable group for each player to begin their training journey. You can register for an assessment by contacting our team.&quot;},{&quot;question&quot;:&quot;What does the Assesment Pass include?&quot;,&quot;answer&quot;:&quot;The Assement Pass is available to new participants only. It includes one single trial session in the appropriate age group. Registration and pre-booking are mandatory, for logistic concerns walk-ins guests are not permitted. The official RMF - EFP jersey kit is not available for purchase. Participants of the assesment are not covered by RMF - EFP insurance. Parents\\\/guardians are responsible for any injuries or damages during the assesment session.&quot;},{&quot;question&quot;:&quot;Are there any tournaments or competitions that participants can take part in?&quot;,&quot;answer&quot;:&quot;Yes, our program emphasizes player development and exposure, participating in various national and international tournaments in addition to freindly games. Our most prestigous international tournament is the \\u0022 The Real Madrid Foundation World Challenge\\u0022, it is a friendly international tournament that brings together teams from Fundaci\u00f3n Real Madrid educational programs around the world.&quot;}]},{&quot;name&quot;:&quot;Others&quot;,&quot;faqs&quot;:[{&quot;question&quot;:&quot;How can parents get involved in supporting their child\\u0027s participation?&quot;,&quot;answer&quot;:&quot;Parents can support their child\\u0027s participation by attending games and events, encouraging consistent practice, and fostering a positive environment for growth. Excessive interference are note welcomed as it may disrupts the kids experience. Feedback is always welcome, however all decisions regarding training and program organization are the Technical Director duty.&quot;},{&quot;question&quot;:&quot;What are the health and safety measures in place during training?&quot;,&quot;answer&quot;:&quot;We prioritize the safety of our players and coachs. All staff members are trained in CPR and first aid, and a nurse is present at every training session to address any injuries or health concerns promptly.&quot;},{&quot;question&quot;:&quot;What happens if my child gets injured during training?&quot;,&quot;answer&quot;:&quot;Injuries may occur as football is a contact sport. Parents should carefully consider enrolling their child if they are concerned about the risks. If an injury occurs, the player will receive immediate attention, and if necessary, the parent or guardian will be contacted. In case of a severe injury, the player will be taken to a hospital at the coach\\u0027s discretion. The RMF Educational Football Program covers all players with Public Liability and Personal Accident insurance. We also recommend everyone to take additional personal insurance coverage. A health statement confirming the child\\u0027s fitness for sports must be signed by all parents\\\/guardians.&quot;},{&quot;question&quot;:&quot;Will my child be in the right environment to grow\\\/improve?&quot;,&quot;answer&quot;:&quot;We believe in a holistic approach to coaching your child. Through football, we aim to impart key sporting and life values that will aid your child\\u0027s sporting and character development. Here at RMF EFP Morocco, we aim for all our players to ALWAYS be enjoying, learning and improving in a close knitted family environment.&quot;},{&quot;question&quot;:&quot;How can I track my child\\u0027s progress in the program?&quot;,&quot;answer&quot;:&quot;Our coaches keep a close track of all players and their various attributes, including footballing skills and technique, interpersonal skills and character traits, are noted. Our coaches are always available to provide you with feedback. Please feel free to speak to them after training or arrange for a mutually convenient time and they will be glad to share their observations with you. Additionnaly, we also schedule meetings based on parents\\u0027 requests to discuss their child\\u0027s development and address any concerns.&quot;},{&quot;question&quot;:&quot;When will students begin to notice the improvements?&quot;,&quot;answer&quot;:&quot;\\u0022The students are assessed every 16 weeks by the Technical Direction. During these assessments, improvements will be monitored and recorded. With commitment to the program, the students should notice a steady improvement continuously throughout their training. Students who have completed 6 months continuous training are evaluated and monitored by their coaches and their progress awarded at our regular Certificate Ceremonies. Students must complete 6 months continuous training to be included in this evaluation process.\\u0022&quot;},{&quot;question&quot;:&quot;What happens in case of bad weather?\u00a0&quot;,&quot;answer&quot;:&quot;Football is an outdoor sport, and sessions may be affected by bad weather.\u00a0 Your child\\u0027s safety is our key priority. In the event of rain without lightning risk, we will proceed with training as per normal, provided no torrential rain that will impede training or training conditions. We take guidance from the General Directorate of Meteorology (DGM)as well as on-site weather observations. Our experienced Technical Directors will make the call on-site based on the above information, with our players\\u0027 safety as priority but also not to deny our players an opportunity to enjoy themselves.&quot;},{&quot;question&quot;:&quot;How can parents contact the coaches?&quot;,&quot;answer&quot;:&quot;We use an innovative and intuitive application designed to help parents and players efficiently follow all sporting activities \u2014 including match call-ups, individual statistics, and direct interaction with coaches and members of their community. Beyond its informational function, this platform serves as a true space for sharing, motivation, and engagement, fostering a positive and supportive environment around each player. One of our key priorities is to protect the personal data of all users: no personal phone numbers are shared, ensuring confidential and secure communication between parents, players, and coaches.&quot;}]}]\" data-widget-type=\"faqs_widget\"><\/div><script>\r\n            document.addEventListener('DOMContentLoaded', function() {\r\n                if (window.initCustomWidget) {\r\n                    window.initCustomWidget('custom-faqs-widget-bf391ca', 'faqs_widget');\r\n                } else {\r\n                    console.warn('Widget initialization function not found for: custom-faqs-widget-bf391ca');\r\n                }\r\n            });\r\n        <\/script>\t\t\t\t<\/div>\n\t\t\t\t<\/div>\n\t\t\t\t\t<\/div>\n\t\t\t\t<\/div>\n\t\t\t\t<\/div>","protected":false},"excerpt":{"rendered":"<p>Faqs Find answers to common questions about our programs, enrollment process, and training methodology here<\/p>","protected":false},"author":1,"featured_media":0,"parent":0,"menu_order":0,"comment_status":"closed","ping_status":"closed","template":"elementor_header_footer","meta":{"_acf_changed":false,"footnotes":""},"class_list":["post-386","page","type-page","status-publish","hentry"],"acf":[],"_links":{"self":[{"href":"https:\/\/rmfefpmorocco.com\/fr\/wp-json\/wp\/v2\/pages\/386","targetHints":{"allow":["GET"]}}],"collection":[{"href":"https:\/\/rmfefpmorocco.com\/fr\/wp-json\/wp\/v2\/pages"}],"about":[{"href":"https:\/\/rmfefpmorocco.com\/fr\/wp-json\/wp\/v2\/types\/page"}],"author":[{"embeddable":true,"href":"https:\/\/rmfefpmorocco.com\/fr\/wp-json\/wp\/v2\/users\/1"}],"replies":[{"embeddable":true,"href":"https:\/\/rmfefpmorocco.com\/fr\/wp-json\/wp\/v2\/comments?post=386"}],"version-history":[{"count":0,"href":"https:\/\/rmfefpmorocco.com\/fr\/wp-json\/wp\/v2\/pages\/386\/revisions"}],"wp:attachment":[{"href":"https:\/\/rmfefpmorocco.com\/fr\/wp-json\/wp\/v2\/media?parent=386"}],"curies":[{"name":"wp","href":"https:\/\/api.w.org\/{rel}","templated":true}]}}